{"id":231,"date":"2025-05-07T18:01:38","date_gmt":"2025-05-07T18:01:38","guid":{"rendered":"https:\/\/classys.com.mx\/?page_id=231"},"modified":"2026-04-10T17:31:43","modified_gmt":"2026-04-10T17:31:43","slug":"contacto","status":"publish","type":"page","link":"https:\/\/classys.com.mx\/index.php\/contacto\/","title":{"rendered":"Contacto"},"content":{"rendered":"\t\t<div data-elementor-type=\"wp-page\" data-elementor-id=\"231\" class=\"elementor elementor-231\">\n\t\t\t\t<div class=\"elementor-element elementor-element-465b1ef1 e-flex e-con-boxed e-con e-parent\" data-id=\"465b1ef1\" data-element_type=\"container\" data-e-type=\"container\">\n\t\t\t\t\t<div class=\"e-con-inner\">\n\t\t\t\t<div class=\"elementor-element elementor-element-c91356f elementor-widget elementor-widget-elementskit-heading\" data-id=\"c91356f\" data-element_type=\"widget\" data-e-type=\"widget\" data-widget_type=\"elementskit-heading.default\">\n\t\t\t\t<div class=\"elementor-widget-container\">\n\t\t\t\t\t<div class=\"ekit-wid-con\" ><div class=\"ekit-heading elementskit-section-title-wraper text_center   ekit_heading_tablet-   ekit_heading_mobile-\"><h1 class=\"ekit-heading--title elementskit-section-title \">Contacto - Classys M\u00e9xico<\/h1>\t\t\t\t<div class='ekit-heading__description'>\n\t\t\t\t\t<p><span>Cont\u00e1ctenos para cotizar o recibir m\u00e1s informaci\u00f3n sobre nuestros equipos. Atenci\u00f3n a cl\u00ednicas y profesionales de la salud en M\u00e9xico.<\/span><\/p>\n\t\t\t\t<\/div>\n\t\t\t<\/div><\/div>\t\t\t\t<\/div>\n\t\t\t\t<\/div>\n\t\t<div class=\"elementor-element elementor-element-1b0cf993 e-con-full e-flex e-con e-child\" data-id=\"1b0cf993\" data-element_type=\"container\" data-e-type=\"container\">\n\t\t<div class=\"elementor-element elementor-element-563d5d05 e-con-full e-flex e-con e-child\" data-id=\"563d5d05\" data-element_type=\"container\" data-e-type=\"container\" data-settings=\"{&quot;background_background&quot;:&quot;classic&quot;}\">\n\t\t\t\t<div class=\"elementor-element elementor-element-eb903bf elementor-widget elementor-widget-wpforms\" data-id=\"eb903bf\" data-element_type=\"widget\" data-e-type=\"widget\" data-widget_type=\"wpforms.default\">\n\t\t\t\t<div class=\"elementor-widget-container\">\n\t\t\t\t\t<div class=\"wpforms-container wpforms-container-full wpforms-render-modern\" id=\"wpforms-920\"><form id=\"wpforms-form-920\" class=\"wpforms-validate wpforms-form wpforms-ajax-form\" data-formid=\"920\" method=\"post\" enctype=\"multipart\/form-data\" action=\"\/index.php\/wp-json\/wp\/v2\/pages\/231\" data-token=\"b3e91dc2f1af3ded74964d17b198b8b6\" data-token-time=\"1776132953\"><noscript class=\"wpforms-error-noscript\">Por favor, activa JavaScript en tu navegador para completar este formulario.<\/noscript><div id=\"wpforms-error-noscript\" style=\"display: none;\">Por favor, activa JavaScript en tu navegador para completar este formulario.<\/div><div class=\"wpforms-field-container\"><div id=\"wpforms-920-field_1-container\" class=\"wpforms-field wpforms-field-name\" data-field-id=\"1\"><fieldset><legend class=\"wpforms-field-label\">Nombre Completo <span class=\"wpforms-required-label\" aria-hidden=\"true\">*<\/span><\/legend><div class=\"wpforms-field-row wpforms-field-medium\"><div class=\"wpforms-field-row-block wpforms-first wpforms-one-half\"><input type=\"text\" id=\"wpforms-920-field_1\" class=\"wpforms-field-name-first wpforms-field-required\" name=\"wpforms[fields][1][first]\" aria-errormessage=\"wpforms-920-field_1-error\" required><label for=\"wpforms-920-field_1\" class=\"wpforms-field-sublabel after\">Nombre<\/label><\/div><div class=\"wpforms-field-row-block wpforms-one-half\"><input type=\"text\" id=\"wpforms-920-field_1-last\" class=\"wpforms-field-name-last wpforms-field-required\" name=\"wpforms[fields][1][last]\" aria-errormessage=\"wpforms-920-field_1-last-error\" required><label for=\"wpforms-920-field_1-last\" class=\"wpforms-field-sublabel after\">Apellidos<\/label><\/div><\/div><\/fieldset><\/div><div id=\"wpforms-920-field_4-container\" class=\"wpforms-field wpforms-field-email\" data-field-id=\"4\"><label class=\"wpforms-field-label\" for=\"wpforms-920-field_4\">Correo electr\u00f3nico <span class=\"wpforms-required-label\" aria-hidden=\"true\">*<\/span><\/label><input type=\"email\" id=\"wpforms-920-field_4\" class=\"wpforms-field-medium wpforms-field-required\" name=\"wpforms[fields][4]\" spellcheck=\"false\" aria-errormessage=\"wpforms-920-field_4-error\" required><\/div><div id=\"wpforms-920-field_6-container\" class=\"wpforms-field wpforms-field-number\" data-field-id=\"6\"><label class=\"wpforms-field-label\" for=\"wpforms-920-field_6\">N\u00famero Telef\u00f3nico <span class=\"wpforms-required-label\" aria-hidden=\"true\">*<\/span><\/label><input type=\"number\" id=\"wpforms-920-field_6\" class=\"wpforms-field-medium wpforms-field-required\" name=\"wpforms[fields][6]\" step=\"any\" aria-errormessage=\"wpforms-920-field_6-error\" required><\/div><div id=\"wpforms-920-field_7-container\" class=\"wpforms-field wpforms-field-text\" data-field-id=\"7\"><label class=\"wpforms-field-label\" for=\"wpforms-920-field_7\">\u00bfDe que parte de la rep\u00fablica nos contacta? <span class=\"wpforms-required-label\" aria-hidden=\"true\">*<\/span><\/label><input type=\"text\" id=\"wpforms-920-field_7\" class=\"wpforms-field-medium wpforms-field-required\" name=\"wpforms[fields][7]\" aria-errormessage=\"wpforms-920-field_7-error\" required><\/div><div id=\"wpforms-920-field_3-container\" class=\"wpforms-field wpforms-field-text\" data-field-id=\"3\"><label class=\"wpforms-field-label\" for=\"wpforms-920-field_3\">\u00bfCu\u00e1l es su especialidad m\u00e9dica? <span class=\"wpforms-required-label\" aria-hidden=\"true\">*<\/span><\/label><input type=\"text\" id=\"wpforms-920-field_3\" class=\"wpforms-field-medium wpforms-field-required\" name=\"wpforms[fields][3]\" aria-errormessage=\"wpforms-920-field_3-error\" required><\/div>\t\t<div id=\"wpforms-920-field_5-container\"\n\t\t\tclass=\"wpforms-field wpforms-field-text\"\n\t\t\tdata-field-type=\"text\"\n\t\t\tdata-field-id=\"5\"\n\t\t\t>\n\t\t\t<label class=\"wpforms-field-label\" for=\"wpforms-920-field_5\" >le de Completo<\/label>\n\t\t\t<input type=\"text\" id=\"wpforms-920-field_5\" class=\"wpforms-field-medium\" name=\"wpforms[fields][5]\" >\n\t\t<\/div>\n\t\t<div id=\"wpforms-920-field_2-container\" class=\"wpforms-field wpforms-field-select wpforms-field-select-style-classic\" data-field-id=\"2\"><label class=\"wpforms-field-label\" for=\"wpforms-920-field_2\">\u00bfQu\u00e9 equipo le interesa? <span class=\"wpforms-required-label\" aria-hidden=\"true\">*<\/span><\/label><select id=\"wpforms-920-field_2\" class=\"wpforms-field-medium wpforms-field-required\" name=\"wpforms[fields][2]\" required=\"required\"><option value=\"Ultraformer MPT\"  class=\"choice-1 depth-1\"  >Ultraformer MPT<\/option><option value=\"Ultraformer lll\"  class=\"choice-2 depth-1\"  >Ultraformer lll<\/option><option value=\"Aquapure\"  class=\"choice-3 depth-1\"  >Aquapure<\/option><option value=\"Volnewmer\"  class=\"choice-4 depth-1\"  >Volnewmer<\/option><option value=\"Fillers AiLEENE\"  class=\"choice-5 depth-1\"  >Fillers AiLEENE<\/option><option value=\"Hilos EPLINE\"  class=\"choice-6 depth-1\"  >Hilos EPLINE<\/option><\/select><\/div><script>\n\t\t\t\t( function() {\n\t\t\t\t\tconst style = document.createElement( 'style' );\n\t\t\t\t\tstyle.appendChild( document.createTextNode( '#wpforms-920-field_5-container { position: absolute !important; overflow: hidden !important; display: inline !important; height: 1px !important; width: 1px !important; z-index: -1000 !important; padding: 0 !important; } #wpforms-920-field_5-container input { visibility: hidden; } #wpforms-conversational-form-page #wpforms-920-field_5-container label { counter-increment: none; }' ) );\n\t\t\t\t\tdocument.head.appendChild( style );\n\t\t\t\t\tdocument.currentScript?.remove();\n\t\t\t\t} )();\n\t\t\t<\/script><\/div><!-- .wpforms-field-container --><div class=\"wpforms-submit-container\" ><input type=\"hidden\" name=\"wpforms[id]\" value=\"920\"><input type=\"hidden\" name=\"page_title\" value=\"\"><input type=\"hidden\" name=\"page_url\" value=\"https:\/\/classys.com.mx\/index.php\/wp-json\/wp\/v2\/pages\/231\"><input type=\"hidden\" name=\"url_referer\" value=\"\"><button type=\"submit\" name=\"wpforms[submit]\" id=\"wpforms-submit-920\" class=\"wpforms-submit\" data-alt-text=\"Enviando...\" data-submit-text=\"Enviar\" aria-live=\"assertive\" value=\"wpforms-submit\">Enviar<\/button><img decoding=\"async\" src=\"https:\/\/classys.com.mx\/wp-content\/plugins\/wpforms-lite\/assets\/images\/submit-spin.svg\" class=\"wpforms-submit-spinner\" style=\"display: none;\" width=\"26\" height=\"26\" alt=\"Cargando\"><\/div><\/form><\/div>  <!-- .wpforms-container -->\t\t\t\t<\/div>\n\t\t\t\t<\/div>\n\t\t\t\t<\/div>\n\t\t\t\t<div class=\"elementor-element elementor-element-160a78e elementor-widget elementor-widget-google_maps\" data-id=\"160a78e\" data-element_type=\"widget\" data-e-type=\"widget\" data-widget_type=\"google_maps.default\">\n\t\t\t\t<div class=\"elementor-widget-container\">\n\t\t\t\t\t\t\t<div class=\"elementor-custom-embed\">\n\t\t\t<iframe loading=\"lazy\"\n\t\t\t\t\tsrc=\"https:\/\/maps.google.com\/maps?q=Buffon%2046%2C%20Anzures%2C%20Miguel%20Hidalgo%2C%2011590%20Ciudad%20de%20M%C3%A9xico%2C%20CDMX&#038;t=m&#038;z=14&#038;output=embed&#038;iwloc=near\"\n\t\t\t\t\ttitle=\"Buffon 46, Anzures, Miguel Hidalgo, 11590 Ciudad de M\u00e9xico, CDMX\"\n\t\t\t\t\taria-label=\"Buffon 46, Anzures, Miguel Hidalgo, 11590 Ciudad de M\u00e9xico, CDMX\"\n\t\t\t><\/iframe>\n\t\t<\/div>\n\t\t\t\t\t\t<\/div>\n\t\t\t\t<\/div>\n\t\t\t\t<\/div>\n\t\t\t\t\t<\/div>\n\t\t\t\t<\/div>\n\t\t\t\t<\/div>\n\t\t","protected":false},"excerpt":{"rendered":"<p>Contacto &#8211; Classys M\u00e9xico Cont\u00e1ctenos para cotizar o recibir m\u00e1s informaci\u00f3n sobre nuestros equipos. Atenci\u00f3n a cl\u00ednicas y profesionales de la salud en M\u00e9xico. Por favor, activa JavaScript en tu navegador para completar este formulario.Por favor, activa JavaScript en tu navegador para completar este formulario. Nombre Completo * NombreApellidos Correo electr\u00f3nico *N\u00famero Telef\u00f3nico *\u00bfDe que [&hellip;]<\/p>\n","protected":false},"author":1,"featured_media":0,"parent":0,"menu_order":0,"comment_status":"closed","ping_status":"closed","template":"","meta":{"footnotes":""},"class_list":["post-231","page","type-page","status-publish","hentry"],"yoast_head":"<!-- This site is optimized with the Yoast SEO plugin v27.3 - https:\/\/yoast.com\/product\/yoast-seo-wordpress\/ -->\n<title>Contacto | Classys M\u00e9xico<\/title>\n<meta name=\"description\" content=\"Cont\u00e1ctenos para cotizar o recibir m\u00e1s informaci\u00f3n sobre nuestros equipos. Atenci\u00f3n a cl\u00ednicas y profesionales de la salud.\" \/>\n<meta name=\"robots\" content=\"index, follow, max-snippet:-1, max-image-preview:large, max-video-preview:-1\" \/>\n<link rel=\"canonical\" href=\"https:\/\/classys.com.mx\/index.php\/contacto\/\" \/>\n<meta property=\"og:locale\" content=\"es_ES\" \/>\n<meta property=\"og:type\" content=\"article\" \/>\n<meta property=\"og:title\" content=\"Contacto | Classys M\u00e9xico\" \/>\n<meta property=\"og:description\" content=\"Cont\u00e1ctenos para cotizar o recibir m\u00e1s informaci\u00f3n sobre nuestros equipos. Atenci\u00f3n a cl\u00ednicas y profesionales de la salud.\" \/>\n<meta property=\"og:url\" content=\"https:\/\/classys.com.mx\/index.php\/contacto\/\" \/>\n<meta property=\"og:site_name\" content=\"Classys M\u00e9xico\" \/>\n<meta property=\"article:publisher\" content=\"https:\/\/www.facebook.com\/Ultraformerlll\/\" \/>\n<meta property=\"article:modified_time\" content=\"2026-04-10T17:31:43+00:00\" \/>\n<meta property=\"og:image\" content=\"https:\/\/classys.com.mx\/wp-content\/plugins\/wpforms-lite\/assets\/images\/submit-spin.svg\" \/>\n<meta name=\"twitter:card\" content=\"summary_large_image\" \/>\n<meta name=\"twitter:label1\" content=\"Tiempo de lectura\" \/>\n\t<meta name=\"twitter:data1\" content=\"1 minuto\" \/>\n<script type=\"application\/ld+json\" class=\"yoast-schema-graph\">{\"@context\":\"https:\\\/\\\/schema.org\",\"@graph\":[{\"@type\":\"WebPage\",\"@id\":\"https:\\\/\\\/classys.com.mx\\\/index.php\\\/contacto\\\/\",\"url\":\"https:\\\/\\\/classys.com.mx\\\/index.php\\\/contacto\\\/\",\"name\":\"Contacto | Classys M\u00e9xico\",\"isPartOf\":{\"@id\":\"https:\\\/\\\/classys.com.mx\\\/#website\"},\"primaryImageOfPage\":{\"@id\":\"https:\\\/\\\/classys.com.mx\\\/index.php\\\/contacto\\\/#primaryimage\"},\"image\":{\"@id\":\"https:\\\/\\\/classys.com.mx\\\/index.php\\\/contacto\\\/#primaryimage\"},\"thumbnailUrl\":\"https:\\\/\\\/classys.com.mx\\\/wp-content\\\/plugins\\\/wpforms-lite\\\/assets\\\/images\\\/submit-spin.svg\",\"datePublished\":\"2025-05-07T18:01:38+00:00\",\"dateModified\":\"2026-04-10T17:31:43+00:00\",\"description\":\"Cont\u00e1ctenos para cotizar o recibir m\u00e1s informaci\u00f3n sobre nuestros equipos. Atenci\u00f3n a cl\u00ednicas y profesionales de la salud.\",\"breadcrumb\":{\"@id\":\"https:\\\/\\\/classys.com.mx\\\/index.php\\\/contacto\\\/#breadcrumb\"},\"inLanguage\":\"es\",\"potentialAction\":[{\"@type\":\"ReadAction\",\"target\":[\"https:\\\/\\\/classys.com.mx\\\/index.php\\\/contacto\\\/\"]}]},{\"@type\":\"ImageObject\",\"inLanguage\":\"es\",\"@id\":\"https:\\\/\\\/classys.com.mx\\\/index.php\\\/contacto\\\/#primaryimage\",\"url\":\"https:\\\/\\\/classys.com.mx\\\/wp-content\\\/plugins\\\/wpforms-lite\\\/assets\\\/images\\\/submit-spin.svg\",\"contentUrl\":\"https:\\\/\\\/classys.com.mx\\\/wp-content\\\/plugins\\\/wpforms-lite\\\/assets\\\/images\\\/submit-spin.svg\"},{\"@type\":\"BreadcrumbList\",\"@id\":\"https:\\\/\\\/classys.com.mx\\\/index.php\\\/contacto\\\/#breadcrumb\",\"itemListElement\":[{\"@type\":\"ListItem\",\"position\":1,\"name\":\"Portada\",\"item\":\"https:\\\/\\\/classys.com.mx\\\/\"},{\"@type\":\"ListItem\",\"position\":2,\"name\":\"Contacto\"}]},{\"@type\":\"WebSite\",\"@id\":\"https:\\\/\\\/classys.com.mx\\\/#website\",\"url\":\"https:\\\/\\\/classys.com.mx\\\/\",\"name\":\"Classys M\u00e9xico\",\"description\":\"Distribuidor exclusivo de aparatolog\u00eda m\u00e9dico est\u00e9tica\",\"publisher\":{\"@id\":\"https:\\\/\\\/classys.com.mx\\\/#organization\"},\"potentialAction\":[{\"@type\":\"SearchAction\",\"target\":{\"@type\":\"EntryPoint\",\"urlTemplate\":\"https:\\\/\\\/classys.com.mx\\\/?s={search_term_string}\"},\"query-input\":{\"@type\":\"PropertyValueSpecification\",\"valueRequired\":true,\"valueName\":\"search_term_string\"}}],\"inLanguage\":\"es\"},{\"@type\":\"Organization\",\"@id\":\"https:\\\/\\\/classys.com.mx\\\/#organization\",\"name\":\"Classys M\u00e9xico\",\"url\":\"https:\\\/\\\/classys.com.mx\\\/\",\"logo\":{\"@type\":\"ImageObject\",\"inLanguage\":\"es\",\"@id\":\"https:\\\/\\\/classys.com.mx\\\/#\\\/schema\\\/logo\\\/image\\\/\",\"url\":\"https:\\\/\\\/classys.com.mx\\\/wp-content\\\/uploads\\\/2025\\\/04\\\/LOGO-CLASSYS-1.png\",\"contentUrl\":\"https:\\\/\\\/classys.com.mx\\\/wp-content\\\/uploads\\\/2025\\\/04\\\/LOGO-CLASSYS-1.png\",\"width\":1459,\"height\":417,\"caption\":\"Classys M\u00e9xico\"},\"image\":{\"@id\":\"https:\\\/\\\/classys.com.mx\\\/#\\\/schema\\\/logo\\\/image\\\/\"},\"sameAs\":[\"https:\\\/\\\/www.facebook.com\\\/Ultraformerlll\\\/\",\"https:\\\/\\\/www.instagram.com\\\/ultraformer3official\\\/\"]}]}<\/script>\n<!-- \/ Yoast SEO plugin. -->","yoast_head_json":{"title":"Contacto | Classys M\u00e9xico","description":"Cont\u00e1ctenos para cotizar o recibir m\u00e1s informaci\u00f3n sobre nuestros equipos. Atenci\u00f3n a cl\u00ednicas y profesionales de la salud.","robots":{"index":"index","follow":"follow","max-snippet":"max-snippet:-1","max-image-preview":"max-image-preview:large","max-video-preview":"max-video-preview:-1"},"canonical":"https:\/\/classys.com.mx\/index.php\/contacto\/","og_locale":"es_ES","og_type":"article","og_title":"Contacto | Classys M\u00e9xico","og_description":"Cont\u00e1ctenos para cotizar o recibir m\u00e1s informaci\u00f3n sobre nuestros equipos. Atenci\u00f3n a cl\u00ednicas y profesionales de la salud.","og_url":"https:\/\/classys.com.mx\/index.php\/contacto\/","og_site_name":"Classys M\u00e9xico","article_publisher":"https:\/\/www.facebook.com\/Ultraformerlll\/","article_modified_time":"2026-04-10T17:31:43+00:00","og_image":[{"url":"https:\/\/classys.com.mx\/wp-content\/plugins\/wpforms-lite\/assets\/images\/submit-spin.svg","type":"","width":"","height":""}],"twitter_card":"summary_large_image","twitter_misc":{"Tiempo de lectura":"1 minuto"},"schema":{"@context":"https:\/\/schema.org","@graph":[{"@type":"WebPage","@id":"https:\/\/classys.com.mx\/index.php\/contacto\/","url":"https:\/\/classys.com.mx\/index.php\/contacto\/","name":"Contacto | Classys M\u00e9xico","isPartOf":{"@id":"https:\/\/classys.com.mx\/#website"},"primaryImageOfPage":{"@id":"https:\/\/classys.com.mx\/index.php\/contacto\/#primaryimage"},"image":{"@id":"https:\/\/classys.com.mx\/index.php\/contacto\/#primaryimage"},"thumbnailUrl":"https:\/\/classys.com.mx\/wp-content\/plugins\/wpforms-lite\/assets\/images\/submit-spin.svg","datePublished":"2025-05-07T18:01:38+00:00","dateModified":"2026-04-10T17:31:43+00:00","description":"Cont\u00e1ctenos para cotizar o recibir m\u00e1s informaci\u00f3n sobre nuestros equipos. Atenci\u00f3n a cl\u00ednicas y profesionales de la salud.","breadcrumb":{"@id":"https:\/\/classys.com.mx\/index.php\/contacto\/#breadcrumb"},"inLanguage":"es","potentialAction":[{"@type":"ReadAction","target":["https:\/\/classys.com.mx\/index.php\/contacto\/"]}]},{"@type":"ImageObject","inLanguage":"es","@id":"https:\/\/classys.com.mx\/index.php\/contacto\/#primaryimage","url":"https:\/\/classys.com.mx\/wp-content\/plugins\/wpforms-lite\/assets\/images\/submit-spin.svg","contentUrl":"https:\/\/classys.com.mx\/wp-content\/plugins\/wpforms-lite\/assets\/images\/submit-spin.svg"},{"@type":"BreadcrumbList","@id":"https:\/\/classys.com.mx\/index.php\/contacto\/#breadcrumb","itemListElement":[{"@type":"ListItem","position":1,"name":"Portada","item":"https:\/\/classys.com.mx\/"},{"@type":"ListItem","position":2,"name":"Contacto"}]},{"@type":"WebSite","@id":"https:\/\/classys.com.mx\/#website","url":"https:\/\/classys.com.mx\/","name":"Classys M\u00e9xico","description":"Distribuidor exclusivo de aparatolog\u00eda m\u00e9dico est\u00e9tica","publisher":{"@id":"https:\/\/classys.com.mx\/#organization"},"potentialAction":[{"@type":"SearchAction","target":{"@type":"EntryPoint","urlTemplate":"https:\/\/classys.com.mx\/?s={search_term_string}"},"query-input":{"@type":"PropertyValueSpecification","valueRequired":true,"valueName":"search_term_string"}}],"inLanguage":"es"},{"@type":"Organization","@id":"https:\/\/classys.com.mx\/#organization","name":"Classys M\u00e9xico","url":"https:\/\/classys.com.mx\/","logo":{"@type":"ImageObject","inLanguage":"es","@id":"https:\/\/classys.com.mx\/#\/schema\/logo\/image\/","url":"https:\/\/classys.com.mx\/wp-content\/uploads\/2025\/04\/LOGO-CLASSYS-1.png","contentUrl":"https:\/\/classys.com.mx\/wp-content\/uploads\/2025\/04\/LOGO-CLASSYS-1.png","width":1459,"height":417,"caption":"Classys M\u00e9xico"},"image":{"@id":"https:\/\/classys.com.mx\/#\/schema\/logo\/image\/"},"sameAs":["https:\/\/www.facebook.com\/Ultraformerlll\/","https:\/\/www.instagram.com\/ultraformer3official\/"]}]}},"_links":{"self":[{"href":"https:\/\/classys.com.mx\/index.php\/wp-json\/wp\/v2\/pages\/231","targetHints":{"allow":["GET"]}}],"collection":[{"href":"https:\/\/classys.com.mx\/index.php\/wp-json\/wp\/v2\/pages"}],"about":[{"href":"https:\/\/classys.com.mx\/index.php\/wp-json\/wp\/v2\/types\/page"}],"author":[{"embeddable":true,"href":"https:\/\/classys.com.mx\/index.php\/wp-json\/wp\/v2\/users\/1"}],"replies":[{"embeddable":true,"href":"https:\/\/classys.com.mx\/index.php\/wp-json\/wp\/v2\/comments?post=231"}],"version-history":[{"count":38,"href":"https:\/\/classys.com.mx\/index.php\/wp-json\/wp\/v2\/pages\/231\/revisions"}],"predecessor-version":[{"id":1886,"href":"https:\/\/classys.com.mx\/index.php\/wp-json\/wp\/v2\/pages\/231\/revisions\/1886"}],"wp:attachment":[{"href":"https:\/\/classys.com.mx\/index.php\/wp-json\/wp\/v2\/media?parent=231"}],"curies":[{"name":"wp","href":"https:\/\/api.w.org\/{rel}","templated":true}]}}